{"id":2339,"date":"2019-12-12T20:27:02","date_gmt":"2019-12-12T20:27:02","guid":{"rendered":"http:\/\/dpsniemojowice.pl\/2021\/?page_id=2339"},"modified":"2020-01-02T21:25:11","modified_gmt":"2020-01-02T21:25:11","slug":"klauzula-zfss","status":"publish","type":"page","link":"https:\/\/dpsniemojowice.pl\/2021\/klauzula-zfss\/","title":{"rendered":"Klauzula &#8211; ZF\u015aS"},"content":{"rendered":"<p align=\"center\"><span style=\"color: #000000;\"><b>Klauzula informacyjna dotycz\u0105ca ochrony danych osobowych<br \/>\nprzy dzia\u0142aniu Zak\u0142adowego Funduszu \u015awiadcze\u0144 Socjalnych<br \/>\nw Domu Pomocy Spo\u0142ecznej w Niemojowicach<\/b><\/span><\/p>\n<p><span style=\"color: #000000;\"><b>Zgodnie z art. 12,13 Rozporz\u0105dzenia Parlamentu Europejskiego i Rady (UE) 2016\/679 z dnia 27 kwietnia 2016 r. sprawie ochrony os\u00f3b fizycznych w zwi\u0105zku z przetwarzaniem danych osobowych i w sprawie swobodnego przep\u0142ywu takich danych oraz uchylenia dyrektywy 95\/46\/WE (Dz. Urz. UE L 2016, Nr 119) informujemy, i\u017c:<\/b><\/span><\/p>\n<p><span style=\"color: #000000;\">\u00a0<\/span><\/p>\n<ol>\n<li><span style=\"color: #000000;\">Administratorem Pani\/Pana Danych Osobowych jest Domu Pomocy Spo\u0142ecznej w Niemojowicach z siedzib\u0105 przy Niemojowice 68, 26-330 \u017barn\u00f3w, woj. \u0142\u00f3dzkie reprezentowany przez Dyrektora.<\/span><\/li>\n<li><span style=\"color: #000000;\">Inspektorem Ochrony Danych (IOD) w <strong>Domu<\/strong> <b>Pomocy Spo\u0142ecznej w Niemojowicach<\/b><b>\u00a0 <\/b>jest\u00a0Pani\u00a0Anna Ka\u017amierczyk,\u00a0\u00a0iod@dpsniemojowice.pl, +48\u00a0501 387 980.<\/span><\/li>\n<li><span style=\"color: #000000;\">Pani\/Pana dane osobowe przetwarzane b\u0119d\u0105 w zwi\u0105zku z realizacj\u0105 zada\u0144 administratora zwi\u0105zanych z dzia\u0142alno\u015bci\u0105 socjaln\u0105.<\/span><\/li>\n<li><span style=\"color: #000000;\">Podstaw\u0119 prawn\u0105 przetwarzania danych stanowi Ustawa z 4 marca 1994 r. o zak\u0142adowym funduszu \u015bwiadcze\u0144 socjalnych (tekst jedn.: Dz.U. z 2019 r., poz. 1352).<\/span><\/li>\n<li><span style=\"color: #000000;\">Podanie danych osobowych jest dobrowolne, lecz niezb\u0119dne do skorzystania ze \u015bwiadcze\u0144 socjalnych finansowanych z zak\u0142adowego funduszu \u015bwiadcze\u0144 socjalnych.<\/span><\/li>\n<li><span style=\"color: #000000;\">Przekazywanie przez Administratora danych mo\u017ce nast\u0105pi\u0107 wy\u0142\u0105cznie w przypadku, je\u017celi b\u0119dzie to stanowi\u0107 realizacj\u0119 obowi\u0105zku Administratora, wynikaj\u0105cego z obowi\u0105zuj\u0105cych przepis\u00f3w prawa. Pani\/Pana dane osobowe mog\u0105 by\u0107 udost\u0119pniane urz\u0119dom i instytucjom na wniosek oraz wprowadzane do Rejestr\u00f3w Centralnych prowadzonych przez poszczeg\u00f3lne Ministerstwa RP, realizuj\u0105cych zadania na podstawie przepis\u00f3w prawa;<\/span><\/li>\n<li><span style=\"color: #000000;\">Pani\/Pana dane osobowe nie b\u0119d\u0105 przekazywane do pa\u0144stwa trzeciego\/organizacji mi\u0119dzynarodowej;<\/span><\/li>\n<li><span style=\"color: #000000;\">Dane osobowe s\u0105 przechowywane przez okres nie d\u0142u\u017cszy ni\u017c jest to niezb\u0119dne w celu przyznania ulgowej us\u0142ugi i \u015bwiadczenia oraz dop\u0142aty z funduszu oraz ustalenia ich wysoko\u015bci, a tak\u017ce przez okres dochodzenia do nich praw lub roszcze\u0144.<\/span><\/li>\n<li><span style=\"color: #000000;\">Posiada Pani\/Pan prawo dost\u0119pu do tre\u015bci swoich danych oraz prawo ich sprostowania, usuni\u0119cia, ograniczenia przetwarzania, prawo do przenoszenia danych, prawo wniesienia sprzeciwu, prawo do cofni\u0119cia zgody w dowolnym momencie bez wp\u0142ywu na zgodno\u015b\u0107 z prawem przetwarzania, kt\u00f3rego dokonano na podstawie zgody przed jej cofni\u0119ciem;<\/span><\/li>\n<li><span style=\"color: #000000;\">Ma Pan\/Pani prawo wniesienia skargi do organu nadzorczego zajmuj\u0105cego si\u0119 ochron\u0105 danych osobowych w pa\u0144stwie cz\u0142onkowskim Pani\/Pana zwyk\u0142ego pobytu, miejsca pracy lub miejsca pope\u0142nienia domniemanego naruszenia, gdy uzna Pani\/Pan, i\u017c przetwarzanie danych osobowych Pani\/Pana dotycz\u0105cych narusza przepisy og\u00f3lnego rozporz\u0105dzenia o ochronie danych osobowych z dnia 27 kwietnia 2016 r. &#8211; Biuro Prezesa Urz\u0119du Ochrony Danych Osobowych, ul. Stawki 2, 00-193 Warszawa, Telefon: 22 860 70 86;<\/span><\/li>\n<li><span style=\"color: #000000;\">Dane osobowe przetwarzane przez administratora danych nie podlegaj\u0105 zautomatyzowanemu podejmowaniu decyzji w tym profilowaniu, o kt\u00f3rym mowa w art. 22 ust. 1 i 4 RODO.<\/span><\/li>\n<\/ol>\n","protected":false},"excerpt":{"rendered":"<p>Klauzula informacyjna dotycz\u0105ca ochrony danych osobowych przy dzia\u0142aniu Zak\u0142adowego Funduszu \u015awiadcze\u0144 Socjalnych w Domu Pomocy Spo\u0142ecznej w Niemojowicach Zgodnie z art. 12,13 Rozporz\u0105dzenia Parlamentu Europejskiego i Rady (UE) 2016\/679 z dnia 27 kwietnia 2016 r. sprawie ochrony os\u00f3b fizycznych w zwi\u0105zku z przetwarzaniem danych osobowych i w sprawie swobodnego przep\u0142ywu takich danych oraz uchylenia dyrektywy [&hellip;]<\/p>\n","protected":false},"author":1,"featured_media":0,"parent":0,"menu_order":0,"comment_status":"open","ping_status":"open","template":"","meta":{"ngg_post_thumbnail":0},"_links":{"self":[{"href":"https:\/\/dpsniemojowice.pl\/2021\/wp-json\/wp\/v2\/pages\/2339"}],"collection":[{"href":"https:\/\/dpsniemojowice.pl\/2021\/wp-json\/wp\/v2\/pages"}],"about":[{"href":"https:\/\/dpsniemojowice.pl\/2021\/wp-json\/wp\/v2\/types\/page"}],"author":[{"embeddable":true,"href":"https:\/\/dpsniemojowice.pl\/2021\/wp-json\/wp\/v2\/users\/1"}],"replies":[{"embeddable":true,"href":"https:\/\/dpsniemojowice.pl\/2021\/wp-json\/wp\/v2\/comments?post=2339"}],"version-history":[{"count":6,"href":"https:\/\/dpsniemojowice.pl\/2021\/wp-json\/wp\/v2\/pages\/2339\/revisions"}],"predecessor-version":[{"id":2402,"href":"https:\/\/dpsniemojowice.pl\/2021\/wp-json\/wp\/v2\/pages\/2339\/revisions\/2402"}],"wp:attachment":[{"href":"https:\/\/dpsniemojowice.pl\/2021\/wp-json\/wp\/v2\/media?parent=2339"}],"curies":[{"name":"wp","href":"https:\/\/api.w.org\/{rel}","templated":true}]}}