{"id":2432,"date":"2020-01-21T23:29:20","date_gmt":"2020-01-21T23:29:20","guid":{"rendered":"http:\/\/dpsniemojowice.pl\/2021\/?page_id=2432"},"modified":"2020-01-21T23:29:21","modified_gmt":"2020-01-21T23:29:21","slug":"kwartalnik-04-2019","status":"publish","type":"page","link":"https:\/\/dpsniemojowice.pl\/2021\/kwartalnik-04-2019\/","title":{"rendered":"Kwartalnik 04\/2019"},"content":{"rendered":"\n<p>Prosimy o klikni\u0119cie przycisku Full scren (drugi od prawej) w celu powi\u0119kszenia gazetki do trybu pe\u0142noekranowego. W celu wyj\u015bcia wciskamy ESC na klawiaturze.<\/p>\n\n\n<div class=\"_3d-flip-book  fb3d-fullscreen-mode full-size\" data-id=\"2426\" data-mode=\"fullscreen\" data-title=\"false\" data-template=\"short-white-book-view\" data-lightbox=\"dark\" data-urlparam=\"fb3d-page\" data-page-n=\"0\" data-pdf=\"\" data-tax=\"null\" data-thumbnail=\"\" data-cols=\"3\"><\/div>\n","protected":false},"excerpt":{"rendered":"<p>Prosimy o klikni\u0119cie przycisku Full scren (drugi od prawej) w celu powi\u0119kszenia gazetki do trybu pe\u0142noekranowego. W celu wyj\u015bcia wciskamy ESC na klawiaturze.<\/p>\n","protected":false},"author":1,"featured_media":0,"parent":0,"menu_order":0,"comment_status":"closed","ping_status":"closed","template":"","meta":{"ngg_post_thumbnail":0},"_links":{"self":[{"href":"https:\/\/dpsniemojowice.pl\/2021\/wp-json\/wp\/v2\/pages\/2432"}],"collection":[{"href":"https:\/\/dpsniemojowice.pl\/2021\/wp-json\/wp\/v2\/pages"}],"about":[{"href":"https:\/\/dpsniemojowice.pl\/2021\/wp-json\/wp\/v2\/types\/page"}],"author":[{"embeddable":true,"href":"https:\/\/dpsniemojowice.pl\/2021\/wp-json\/wp\/v2\/users\/1"}],"replies":[{"embeddable":true,"href":"https:\/\/dpsniemojowice.pl\/2021\/wp-json\/wp\/v2\/comments?post=2432"}],"version-history":[{"count":2,"href":"https:\/\/dpsniemojowice.pl\/2021\/wp-json\/wp\/v2\/pages\/2432\/revisions"}],"predecessor-version":[{"id":2434,"href":"https:\/\/dpsniemojowice.pl\/2021\/wp-json\/wp\/v2\/pages\/2432\/revisions\/2434"}],"wp:attachment":[{"href":"https:\/\/dpsniemojowice.pl\/2021\/wp-json\/wp\/v2\/media?parent=2432"}],"curies":[{"name":"wp","href":"https:\/\/api.w.org\/{rel}","templated":true}]}}