{"id":3363,"date":"2021-04-09T14:04:42","date_gmt":"2021-04-09T14:04:42","guid":{"rendered":"http:\/\/dpsniemojowice.pl\/2021\/?page_id=3363"},"modified":"2021-04-09T14:06:58","modified_gmt":"2021-04-09T14:06:58","slug":"lodzkie-pomaga-ii-edycja","status":"publish","type":"page","link":"https:\/\/dpsniemojowice.pl\/2021\/lodzkie-pomaga-ii-edycja\/","title":{"rendered":"\u0141\u00f3dzkie pomaga &#8211; II edycja"},"content":{"rendered":"\n<figure class=\"wp-block-image size-large is-resized\"><img loading=\"lazy\" src=\"http:\/\/dpsniemojowice.pl\/2021\/wp-content\/uploads\/2020\/10\/FE_POWER_poziom_pl-1_rgb-1024x132.jpg\" alt=\"\u0142\u00f3dzkie\" class=\"wp-image-2783\" width=\"512\" height=\"66\" srcset=\"https:\/\/dpsniemojowice.pl\/2021\/wp-content\/uploads\/2020\/10\/FE_POWER_poziom_pl-1_rgb-1024x132.jpg 1024w, https:\/\/dpsniemojowice.pl\/2021\/wp-content\/uploads\/2020\/10\/FE_POWER_poziom_pl-1_rgb-300x39.jpg 300w, https:\/\/dpsniemojowice.pl\/2021\/wp-content\/uploads\/2020\/10\/FE_POWER_poziom_pl-1_rgb-768x99.jpg 768w, https:\/\/dpsniemojowice.pl\/2021\/wp-content\/uploads\/2020\/10\/FE_POWER_poziom_pl-1_rgb-1536x197.jpg 1536w, https:\/\/dpsniemojowice.pl\/2021\/wp-content\/uploads\/2020\/10\/FE_POWER_poziom_pl-1_rgb-2048x263.jpg 2048w\" sizes=\"(max-width: 512px) 100vw, 512px\" \/><\/figure>\n\n\n<p><strong>Dom Pomocy Spo\u0142ecznej w Niemojowicach<\/strong> realizuje projekt pn<strong>. \u201e\u0141\u00f3dzkie pomaga\u201d \u2013 II edycja<\/strong><\/p>\n<p>Wsp\u00f3\u0142finansowany przez Uni\u0119 Europejsk\u0105 w ramach Europejskiego Funduszu Spo\u0142ecznego, Dzia\u0142anie 2.8 Rozw\u00f3j us\u0142ug spo\u0142ecznych \u015bwiadczonych w \u015brodowisku lokalnym Programu Operacyjnego Wiedza Edukacja Rozw\u00f3j 2014-2020.<\/p>\n<p>Celem projektu jest \u0142agodzenie skutk\u00f3w pandemii COVID-19 oraz przeciwdzia\u0142anie jej negatywnym konsekwencjom, w szczeg\u00f3lno\u015bci dla os\u00f3b znajduj\u0105cych si\u0119 w grupie ryzyka tj. ochrona \u017cycia pensjonariuszy Domu Pomocy Spo\u0142ecznej w Niemojowicach poprzez ograniczenie skutk\u00f3w COVID-19.<\/p>\n<p>Planowanymi efektem jest zakup sprz\u0119tu i wyposa\u017cenia oraz \u015brodk\u00f3w ochrony indywidualnej dla Domu Pomocy Spo\u0142ecznej w Niemojowicach.<\/p>\n<p>Termin realizacji grantu <strong>od dnia 01.01.2021r. do dnia 14.05.2021r.<\/strong><\/p>\n<p>Dofinansowanie grantu dla Domu Pomocy Spo\u0142ecznej w Niemojowicach wynosi <strong>118.026,69 z\u0142.<\/strong><\/p>\n<p>&nbsp;<\/p>","protected":false},"excerpt":{"rendered":"<p>Dom Pomocy Spo\u0142ecznej w Niemojowicach realizuje projekt pn. \u201e\u0141\u00f3dzkie pomaga\u201d \u2013 II edycja Wsp\u00f3\u0142finansowany przez Uni\u0119 Europejsk\u0105 w ramach Europejskiego Funduszu Spo\u0142ecznego, Dzia\u0142anie 2.8 Rozw\u00f3j us\u0142ug spo\u0142ecznych \u015bwiadczonych w \u015brodowisku lokalnym Programu Operacyjnego Wiedza Edukacja Rozw\u00f3j 2014-2020. Celem projektu jest \u0142agodzenie skutk\u00f3w pandemii COVID-19 oraz przeciwdzia\u0142anie jej negatywnym konsekwencjom, w szczeg\u00f3lno\u015bci dla os\u00f3b znajduj\u0105cych si\u0119 [&hellip;]<\/p>\n","protected":false},"author":1,"featured_media":0,"parent":0,"menu_order":0,"comment_status":"closed","ping_status":"closed","template":"","meta":{"ngg_post_thumbnail":0},"_links":{"self":[{"href":"https:\/\/dpsniemojowice.pl\/2021\/wp-json\/wp\/v2\/pages\/3363"}],"collection":[{"href":"https:\/\/dpsniemojowice.pl\/2021\/wp-json\/wp\/v2\/pages"}],"about":[{"href":"https:\/\/dpsniemojowice.pl\/2021\/wp-json\/wp\/v2\/types\/page"}],"author":[{"embeddable":true,"href":"https:\/\/dpsniemojowice.pl\/2021\/wp-json\/wp\/v2\/users\/1"}],"replies":[{"embeddable":true,"href":"https:\/\/dpsniemojowice.pl\/2021\/wp-json\/wp\/v2\/comments?post=3363"}],"version-history":[{"count":4,"href":"https:\/\/dpsniemojowice.pl\/2021\/wp-json\/wp\/v2\/pages\/3363\/revisions"}],"predecessor-version":[{"id":3368,"href":"https:\/\/dpsniemojowice.pl\/2021\/wp-json\/wp\/v2\/pages\/3363\/revisions\/3368"}],"wp:attachment":[{"href":"https:\/\/dpsniemojowice.pl\/2021\/wp-json\/wp\/v2\/media?parent=3363"}],"curies":[{"name":"wp","href":"https:\/\/api.w.org\/{rel}","templated":true}]}}